{"id":927,"date":"2015-11-12T14:23:41","date_gmt":"2015-11-12T14:23:41","guid":{"rendered":"http:\/\/new.royaldressedladies.com\/?page_id=927"},"modified":"2021-06-03T13:16:06","modified_gmt":"2021-06-03T11:16:06","slug":"18-usc-2256","status":"publish","type":"page","link":"https:\/\/royaldressedladies.com\/fr\/18-usc-2256\/","title":{"rendered":"18 USC 2256"},"content":{"rendered":"<p style=\"text-align: left;\">Tous les mod\u00e8les, acteurs, actrices et autres personnes apparaissant dans toute repr\u00e9sentation visuelle d'un comportement sexuellement explicite r\u00e9el ou autrement contenu sur ce site Web \u00e9taient \u00e2g\u00e9s de plus de dix-huit ans au moment o\u00f9 ces repr\u00e9sentations ont \u00e9t\u00e9 faites, enregistrements associ\u00e9s \u00e0 18 USC 2256 (2) (i) \u00e0 (v).<\/p>\n<p style=\"text-align: center;\"><a href=\"https:\/\/royaldressedladies.club\/shop\/\" target=\"_blank\" rel=\"noopener\"> MEMBRE<\/a><\/p>\n<p>Toutes les autres repr\u00e9sentations visuelles affich\u00e9es sur ce site sont exempt\u00e9es de la disposition du 18 U.S.C. Section 2257 et 28 C.F.R. 75 parce que ces repr\u00e9sentations visuelles ne consistent pas en un comportement sp\u00e9cifiquement \u00e9num\u00e9r\u00e9 dans 18 USC 2256 (2) (i) \u00e0 (v), mais sont simplement des repr\u00e9sentations de nudit\u00e9 sexuelle ou des repr\u00e9sentations de comportement sexuel simul\u00e9, ou sont autrement exempt\u00e9es parce que les repr\u00e9sentations visuelles ont \u00e9t\u00e9 cr\u00e9\u00e9es avant le 3 juillet 1995.<\/p>\n<p style=\"text-align: center;\"><a href=\"https:\/\/royaldressedladies.club\/shop\/\" target=\"_blank\" rel=\"noopener\"> MEMBRE<\/a><\/p>\n<p>En ce qui concerne toutes les repr\u00e9sentations visuelles affich\u00e9es sur ce site web, qu'il s'agisse de comportements sexuellement explicites, de contenus sexuels simul\u00e9s ou autres, toutes les personnes figurant dans ces repr\u00e9sentations visuelles \u00e9taient \u00e2g\u00e9es d'au moins 18 ans au moment de la cr\u00e9ation de ces repr\u00e9sentations visuelles.<\/p>\n<p style=\"text-align: center;\"><a href=\"https:\/\/royaldressedladies.club\/shop\/\" target=\"_blank\" rel=\"noopener\"> MEMBRE<\/a><\/p>\n<p>Les propri\u00e9taires et les exploitants de ce site Web sont le producteur primaire (tel que ce terme est d\u00e9fini dans la section 2257 du 18 USC) du contenu visuel du site Web.<\/p>","protected":false},"excerpt":{"rendered":"<p>Alle Models, Schauspieler, Schauspielerinnen und andere Personen, die in irgendeiner visuellen Darstellung von tats\u00e4chlich sexuell explizitem Verhalten erscheinen oder anderweitig auf dieser Website enthalten sind, waren zum Zeitpunkt der Erstellung solcher Darstellungen \u00fcber 18 Jahre alt, Datens\u00e4tze in Verbindung mit 18 USC 2256 (2) (i) bis (v). MEMBER Alle anderen visuellen Darstellungen, die auf dieser [&hellip;]<\/p>\n","protected":false},"author":1,"featured_media":71477,"parent":0,"menu_order":0,"comment_status":"closed","ping_status":"closed","template":"","meta":{"ngg_post_thumbnail":0,"footnotes":""},"class_list":["post-927","page","type-page","status-publish","has-post-thumbnail","hentry"],"jetpack_sharing_enabled":true,"_links":{"self":[{"href":"https:\/\/royaldressedladies.com\/fr\/wp-json\/wp\/v2\/pages\/927","targetHints":{"allow":["GET"]}}],"collection":[{"href":"https:\/\/royaldressedladies.com\/fr\/wp-json\/wp\/v2\/pages"}],"about":[{"href":"https:\/\/royaldressedladies.com\/fr\/wp-json\/wp\/v2\/types\/page"}],"author":[{"embeddable":true,"href":"https:\/\/royaldressedladies.com\/fr\/wp-json\/wp\/v2\/users\/1"}],"replies":[{"embeddable":true,"href":"https:\/\/royaldressedladies.com\/fr\/wp-json\/wp\/v2\/comments?post=927"}],"version-history":[{"count":0,"href":"https:\/\/royaldressedladies.com\/fr\/wp-json\/wp\/v2\/pages\/927\/revisions"}],"wp:featuredmedia":[{"embeddable":true,"href":"https:\/\/royaldressedladies.com\/fr\/wp-json\/wp\/v2\/media\/71477"}],"wp:attachment":[{"href":"https:\/\/royaldressedladies.com\/fr\/wp-json\/wp\/v2\/media?parent=927"}],"curies":[{"name":"wp","href":"https:\/\/api.w.org\/{rel}","templated":true}]}}