{"id":83960,"date":"2017-03-04T17:12:27","date_gmt":"2017-03-04T17:12:27","guid":{"rendered":"http:\/\/www.royaldressedladies.com\/newsletter\/"},"modified":"2018-08-10T11:12:29","modified_gmt":"2018-08-10T11:12:29","slug":"newsletter-subscribe-free","status":"publish","type":"page","link":"https:\/\/royaldressedladies.com\/fr\/newsletter-subscribe-free\/","title":{"rendered":"Newsletter Abonnez-vous \u00e0 notre bulletin GRATUIT"},"content":{"rendered":"<h2 class=\"widget-title\">Inscription \u00e0 la newsletter GRATUITE<\/h2>\n<p>Abonnement aux lettres d'information Catch Latest Update restez gratuitement inform\u00e9 des derniers d\u00e9veloppements avec la lettre d'information de la cha\u00eene RoyalDressedLadies. Pour vous inscrire, il vous suffit d'entrer votre adresse e-mail et de prendre des photos et des vid\u00e9os gratuitement !<\/p>\n<p style=\"text-align: center;\"><a href=\"https:\/\/royaldressedladies.com\/fr\/amember\/signup\/\">Soutenez-nous Devenez membre<\/a><\/p>\n<p style=\"text-align: center;\">Inscription \u00e0 la newsletter GRATUITE<\/p>\n<p style=\"text-align: center;\">Postes sp\u00e9ciaux VIP GRATUITS du TGP<br \/>\nAlertes sur les mod\u00e8les exclusifs<br \/>\nNe manquez jamais une offre GRATUITE<br \/>\nLaissez votre courriel maintenant ! Recevez GRATUITEMENT des informations sur les derniers d\u00e9veloppements ! WOW ! !!<\/p>\n<p>\"Vous prenez une d\u00e9cision intelligente en demandant la newsletter gratuite.\"<\/p>\n<p>Suivez les derni\u00e8res mises \u00e0 jour sur RDL Pics &amp; Movies gratuitement !<br \/>\n<span style=\"font-size: 8pt;\">Donnez-moi votre meilleure adresse e-mail ici....<\/span><br \/>\n<p><div class=\"tnp tnp-subscription\">\n<form method=\"post\" action=\"https:\/\/royaldressedladies.com\/wp-admin\/admin-ajax.php?action=tnp&amp;na=s\">\n<input type=\"hidden\" name=\"nlang\" value=\"\">\n<div class=\"tnp-field tnp-field-email\"><label for=\"tnp-1\">Votre meilleure adresse e-mail ici...<\/label>\n<input class=\"tnp-email\" type=\"email\" name=\"ne\" id=\"tnp-1\" value=\"\" placeholder=\"\" required><\/div>\n<div class=\"tnp-field tnp-field-button\" style=\"text-align: left\"><input class=\"tnp-submit\" type=\"submit\" value=\"S&#039;abonner s&#039;inscrire gratuitement\" style=\"\">\n<\/div>\n<\/form>\n<\/div>\n<\/p><br \/>\n<img decoding=\"async\" title=\"\" src=\"https:\/\/www.royaldressedladies.com\/wp-content\/uploads\/2016\/12\/privacylock.png\" alt=\"\" height=\"12\" width=\"12\"> <span style=\"font-size: 8pt;\">Nous respectons votre vie priv\u00e9e et ne vous enverrons jamais de spam. Vous pouvez supprimer votre e-mail \u00e0 tout moment.<\/span><\/p>\n<p>Restez inform\u00e9 sur nous, f\u00e9tichistes, et sur nos mises \u00e0 jour hebdomadaires de Royal Dressed Ladies. Avec la RDL-Newsletter, vous recevrez les derni\u00e8res informations et mises \u00e0 jour sur les sujets f\u00e9tiches actuels. Et tout cela GRATUITEMENT Singup Now<\/p>\n<h3 style=\"text-align: center;\">Inscription \u00e0 la newsletter GRATUITE<\/h3>","protected":false},"excerpt":{"rendered":"<p>Newsletter Subscribe FREE Newsletters Subscription Catch Latest Update stay free informed of the latest developments with RoyalDressedLadies Channel Newsletter. Just to signup enter your email address and take some Pics &amp; Movies for free! Support Us Become A Member Newsletter Subscribe FREE Special VIP FREE TGP Posts Exclusive Models Alerts Never Miss a FREE Deal [&hellip;]<\/p>\n","protected":false},"author":3,"featured_media":83967,"parent":0,"menu_order":0,"comment_status":"closed","ping_status":"closed","template":"","meta":{"ngg_post_thumbnail":0,"footnotes":""},"class_list":["post-83960","page","type-page","status-publish","has-post-thumbnail","hentry"],"jetpack_sharing_enabled":true,"_links":{"self":[{"href":"https:\/\/royaldressedladies.com\/fr\/wp-json\/wp\/v2\/pages\/83960","targetHints":{"allow":["GET"]}}],"collection":[{"href":"https:\/\/royaldressedladies.com\/fr\/wp-json\/wp\/v2\/pages"}],"about":[{"href":"https:\/\/royaldressedladies.com\/fr\/wp-json\/wp\/v2\/types\/page"}],"author":[{"embeddable":true,"href":"https:\/\/royaldressedladies.com\/fr\/wp-json\/wp\/v2\/users\/3"}],"replies":[{"embeddable":true,"href":"https:\/\/royaldressedladies.com\/fr\/wp-json\/wp\/v2\/comments?post=83960"}],"version-history":[{"count":0,"href":"https:\/\/royaldressedladies.com\/fr\/wp-json\/wp\/v2\/pages\/83960\/revisions"}],"wp:featuredmedia":[{"embeddable":true,"href":"https:\/\/royaldressedladies.com\/fr\/wp-json\/wp\/v2\/media\/83967"}],"wp:attachment":[{"href":"https:\/\/royaldressedladies.com\/fr\/wp-json\/wp\/v2\/media?parent=83960"}],"curies":[{"name":"wp","href":"https:\/\/api.w.org\/{rel}","templated":true}]}}