{"id":74807,"date":"2016-12-28T08:53:32","date_gmt":"2016-12-28T08:53:32","guid":{"rendered":"http:\/\/www.royaldressedladies.com\/?page_id=74807"},"modified":"2021-06-03T13:13:53","modified_gmt":"2021-06-03T11:13:53","slug":"bestelle-deinen-newsletter-jetzt-kostenlos","status":"publish","type":"page","link":"https:\/\/royaldressedladies.com\/fr\/bestelle-deinen-newsletter-jetzt-kostenlos\/","title":{"rendered":"Commandez votre bulletin d'information maintenant et gratuitement"},"content":{"rendered":"<hr>\n<p style=\"text-align: center;\">Commandez votre bulletin d'information maintenant GRATUITEMENT - Abonnement aux bulletins d'information \"Recevez les derni\u00e8res mises \u00e0 jour\" Restez toujours inform\u00e9 des derniers d\u00e9veloppements de RoyalDressedLadies\" gratuitement. Saisissez simplement votre meilleure adresse e-mail et recevez des photos et des films gratuitement !!!<\/p>\n<p style=\"text-align: center;\"><a href=\"https:\/\/royaldressedladies.club\/shop\/\" target=\"_blank\" rel=\"noopener\" data-schema-attribute=\"\">Soutenez-nous, devenez membre maintenant<\/a><\/p>\n<h3 style=\"text-align: center;\">En savoir plus sur Commandez votre bulletin d'information maintenant et gratuitement<\/h3>\n<ul style=\"list-style-type: square;\">\n<li style=\"text-align: center;\">Poste sp\u00e9cial VIP GRATUIT du TGP<\/li>\n<li style=\"text-align: center;\">Alertes sur les mod\u00e8les exclusifs<\/li>\n<li style=\"text-align: center;\">Ne ratez plus jamais une offre GRATUITE<\/li>\n<li style=\"text-align: center;\">Laissez votre email maintenant ! Recevez GRATUITEMENT des informations sur les derniers d\u00e9veloppements ! IMPRESSIONNANT ! WOW ! !!<\/li>\n<\/ul>\n<p style=\"text-align: center;\">\"Vous prenez une d\u00e9cision intelligente en vous inscrivant \u00e0 la newsletter gratuite.\" Votre meilleure adresse e-mail ici...<\/p>\n<p><div class=\"tnp tnp-subscription\">\n<form method=\"post\" action=\"https:\/\/royaldressedladies.com\/wp-admin\/admin-ajax.php?action=tnp&amp;na=s\">\n<input type=\"hidden\" name=\"nlang\" value=\"\">\n<div class=\"tnp-field tnp-field-email\"><label for=\"tnp-1\">Votre meilleure adresse e-mail ici...<\/label>\n<input class=\"tnp-email\" type=\"email\" name=\"ne\" id=\"tnp-1\" value=\"\" placeholder=\"\" required><\/div>\n<div class=\"tnp-field tnp-field-button\" style=\"text-align: left\"><input class=\"tnp-submit\" type=\"submit\" value=\"S&#039;abonner s&#039;inscrire gratuitement\" style=\"\">\n<\/div>\n<\/form>\n<\/div>\n<\/p>\n<p style=\"text-align: center;\"><img decoding=\"async\" title=\"\" src=\"https:\/\/www.royaldressedladies.com\/wp-content\/uploads\/2016\/12\/privacylock.png\" alt=\"\" width=\"12\" height=\"12\"><span style=\"font-size: 8pt;\"> Nous respectons votre vie priv\u00e9e et ne vous ferons jamais de mal. Vous pouvez supprimer votre courrier \u00e9lectronique \u00e0 tout moment.<\/span><br \/>\nRestez inform\u00e9 de notre f\u00e9tichisme et de nos mises \u00e0 jour hebdomadaires de Royal Dressed Ladies. Avec la lettre d'information RDL, vous recevrez les derni\u00e8res informations et mises \u00e0 jour sur les sujets f\u00e9tiches actuels. <strong>Et tout cela GRATUITEMENT Inscrivez-vous maintenant<br \/>\n<\/strong><\/p>\n<hr>\n<p style=\"text-align: center;\"><a href=\"https:\/\/royaldressedladies.club\/shop\/\" target=\"_blank\" rel=\"noopener\">Soutenez-nous, devenez membre maintenant<\/a><\/p>\n<hr>\n<h3 style=\"text-align: center;\">En savoir plus sur Commandez votre bulletin d'information maintenant et gratuitement<\/h3>","protected":false},"excerpt":{"rendered":"<p>Bestelle Deinen Newsletter Jetzt KOSTENLOS &#8211; Newsletters Abonnement &#8222;Hole Dir neuste Updates&#8220; Bleibe immer kostenlos informiert \u00fcber die neuesten Entwicklungen der RoyalDressedLadies&#8220;. Gib einfach deine Beste E-Mail-Adresse ein und nimm ein paar Bilder &amp; Filme kostenlos mit!!! Unterst\u00fctze uns, werde jetzt Mitglied Lerne mehr \u00fcber Bestelle Deinen Newsletter Jetzt KOSTENLOS Spezial VIP FREE TGP Post [&hellip;]<\/p>\n","protected":false},"author":3,"featured_media":74810,"parent":0,"menu_order":0,"comment_status":"closed","ping_status":"closed","template":"","meta":{"ngg_post_thumbnail":0,"footnotes":""},"class_list":["post-74807","page","type-page","status-publish","has-post-thumbnail","hentry"],"jetpack_sharing_enabled":true,"_links":{"self":[{"href":"https:\/\/royaldressedladies.com\/fr\/wp-json\/wp\/v2\/pages\/74807","targetHints":{"allow":["GET"]}}],"collection":[{"href":"https:\/\/royaldressedladies.com\/fr\/wp-json\/wp\/v2\/pages"}],"about":[{"href":"https:\/\/royaldressedladies.com\/fr\/wp-json\/wp\/v2\/types\/page"}],"author":[{"embeddable":true,"href":"https:\/\/royaldressedladies.com\/fr\/wp-json\/wp\/v2\/users\/3"}],"replies":[{"embeddable":true,"href":"https:\/\/royaldressedladies.com\/fr\/wp-json\/wp\/v2\/comments?post=74807"}],"version-history":[{"count":0,"href":"https:\/\/royaldressedladies.com\/fr\/wp-json\/wp\/v2\/pages\/74807\/revisions"}],"wp:featuredmedia":[{"embeddable":true,"href":"https:\/\/royaldressedladies.com\/fr\/wp-json\/wp\/v2\/media\/74810"}],"wp:attachment":[{"href":"https:\/\/royaldressedladies.com\/fr\/wp-json\/wp\/v2\/media?parent=74807"}],"curies":[{"name":"wp","href":"https:\/\/api.w.org\/{rel}","templated":true}]}}